{"id":775,"date":"2024-04-18T11:31:15","date_gmt":"2024-04-18T09:31:15","guid":{"rendered":"https:\/\/naboo.hu\/naboo\/"},"modified":"2024-05-06T12:36:23","modified_gmt":"2024-05-06T10:36:23","slug":"naboo","status":"publish","type":"page","link":"https:\/\/naboo.hu\/de\/","title":{"rendered":"Naboo"},"content":{"rendered":"<h2><strong>Naboo Fine Bistro &#8211; Bar<\/strong><\/h2>\n<h6>\n<p style=\"font-weight: 400;\">IHR INTERPLANETARER STOPP\u2026<\/p>\n<\/h6>\n<div>\n<p>Ein Bistro mit entspannter, freundlicher Atmosph\u00e4re in Gyenesdi\u00e1s, wo Gastronomie ein Erlebnis ist!<\/p>\n<p>Wir haben davon getr\u00e4umt und daf\u00fcr gesorgt, dass Sie einen Ort haben, an dem Sie den Alltag loslassen k\u00f6nnen, mit einem speziellen Bistro-Men\u00fc, das alle Bed\u00fcrfnisse befriedigt, das mit coolen und neuen Gerichten gespickt ist, aber Sie k\u00f6nnen auch echte neapolitanische Pizza und die unvergesslichen Gerichte des Hauses finden Brutaler G\u00e4nseleber-Hamburger.<\/p>\n<p>Wir erwarten Sie mit lokalen Craft-Bieren, echtem hausgemachtem Sirup, besonderen Cocktails, Champagnerverkostungen und einer riesigen Auswahl an Getr\u00e4nken f\u00fcr die Abende mit Freunden und M\u00e4dels!<\/p>\n<p>Ob Geburtstage, Firmenevents, Junggesellen- und Junggesellenabschiede oder was auch immer Ihnen einf\u00e4llt, wir sind der kreativen Herausforderung gewachsen, bis zu 100 Personen.<\/p>\n<p>Kontaktieren Sie uns gerne mit Ihren Fragen, Ideen und Veranstaltungen.<\/p>\n<p>E-mail: <span>\u00a0<\/span><a href=\"mailto:info@naboo.hu\">info@naboo.hu<\/a><\/p>\n<p>Reservierung: 0630 111 11 30<\/p>\n<\/div>\n<div>\n<p>        <img decoding=\"async\" src=\"\/wp-content\/uploads\/2024\/04\/Naboo_4756.jpg\" alt=\"\"><\/p>\n<h4>Speisekarte<\/h4>\n<p><a href=\"https:\/\/naboo.hu\/de\/?page_id=703\"><\/a><\/p>\n<\/div>\n<div>\n<p>        <img decoding=\"async\" src=\"\/wp-content\/uploads\/2024\/04\/naboo_fb_10v2.jpg\" alt=\"\"><\/p>\n<h4>Getr\u00e4nke<\/h4>\n<p><a href=\"\/de\/getranke\/\"><\/a><\/p>\n<\/div>\n<div>\n<p>        <img decoding=\"async\" src=\"\/wp-content\/uploads\/2024\/04\/naboo_contact-scaled.jpg\" alt=\"\"><\/p>\n<h4>Kontakt<\/h4>\n<p><a href=\"https:\/\/naboo.hu\/de\/kontakt\/\"><\/a><\/p>\n<\/div>\n<div>\n<p>        <img decoding=\"async\" src=\"\/wp-content\/uploads\/2024\/04\/Naboo_4756.jpg\" alt=\"\"><\/p>\n<h4>Speisekarte<\/h4>\n<p><a href=\"https:\/\/naboo.hu\/de\/?page_id=703\"><\/a><\/p>\n<\/div>\n<div>\n<p>        <img decoding=\"async\" src=\"\/wp-content\/uploads\/2024\/04\/naboo_fb_10v2.jpg\" alt=\"\"><\/p>\n<h4>Getr\u00e4nke<\/h4>\n<p><a href=\"\/de\/getranke\/\"><\/a><\/p>\n<\/div>\n<div>\n<p>        <img decoding=\"async\" src=\"\/wp-content\/uploads\/2024\/04\/naboo_contact-scaled.jpg\" alt=\"\"><\/p>\n<h4>Kontakt<\/h4>\n<p><a href=\"https:\/\/naboo.hu\/de\/kontakt\/\"><\/a><\/p>\n<\/div>\n<ul>\n<li>\n<p><img decoding=\"async\" src=\"\/wp-content\/uploads\/2024\/04\/Naboo_4612.jpg\" alt=\"\"><\/p>\n<p><a href=\"\/wp-content\/uploads\/2024\/04\/Naboo_4612.jpg\"><\/a><\/p>\n<\/li>\n<li>\n<p><img decoding=\"async\" src=\"\/wp-content\/uploads\/2024\/04\/Naboo_3560.jpg\" alt=\"\"><\/p>\n<p><a href=\"\/wp-content\/uploads\/2024\/04\/Naboo_3560.jpg\"><\/a><\/p>\n<\/li>\n<li>\n<p><img decoding=\"async\" src=\"\/wp-content\/uploads\/2024\/04\/Naboo_4574.jpg\" alt=\"\"><\/p>\n<p><a href=\"\/wp-content\/uploads\/2024\/04\/Naboo_4574.jpg\"><\/a><\/p>\n<\/li>\n<li>\n<p><img decoding=\"async\" src=\"\/wp-content\/uploads\/2024\/04\/Naboo_4766.jpg\" alt=\"\"><\/p>\n<p><a href=\"\/wp-content\/uploads\/2024\/04\/Naboo_4766.jpg\"><\/a><\/p>\n<\/li>\n<li>\n<p><img decoding=\"async\" src=\"\/wp-content\/uploads\/2024\/04\/Naboo_4586.jpg\" alt=\"\"><\/p>\n<p><a href=\"\/wp-content\/uploads\/2024\/04\/Naboo_4586.jpg\"><\/a><\/p>\n<\/li>\n<\/ul>\n<p><!--more--><br \/>\n<!-- {\"type\":\"layout\",\"children\":[{\"type\":\"section\",\"props\":{\"header_transparent\":false,\"header_transparent_noplaceholder\":false,\"header_transparent_text_color\":\"light\",\"height\":\"viewport\",\"height_viewport\":10,\"image\":\"wp-content\\\/uploads\\\/photo-1591972729866-028644a72183-scaled.jpg\",\"image_loading\":true,\"image_position\":\"center-right\",\"image_size\":\"width-1-1\",\"padding\":\"large\",\"style\":\"default\",\"text_color\":\"light\",\"title_breakpoint\":\"xl\",\"title_position\":\"top-left\",\"title_rotation\":\"left\",\"vertical_align\":\"middle\",\"video_width\":\"2560\",\"width\":\"default\"},\"children\":[{\"type\":\"row\",\"children\":[{\"type\":\"column\",\"props\":{\"image_position\":\"center-center\",\"position_sticky_breakpoint\":\"m\"},\"children\":[{\"type\":\"headline\",\"props\":{\"animation\":\"fade\",\"content\":\"<strong>Naboo Fine Bistro - Bar<\\\/strong>\",\"parallax_blur\":\"50\",\"parallax_opacity\":\"1,0\",\"position\":\"relative\",\"position_z_index\":\"1\",\"text_align\":\"center\",\"title_element\":\"h2\",\"title_style\":\"heading-medium\"}}]}]}],\"name\":\"Fejlec\"},{\"type\":\"section\",\"props\":{\"header_transparent\":false,\"header_transparent_noplaceholder\":false,\"height_offset_top\":true,\"image_position\":\"top-center\",\"image_size\":\"cover\",\"media_focal_point\":\"top-center\",\"padding_remove_bottom\":false,\"padding_remove_horizontal\":false,\"padding_remove_top\":false,\"style\":\"default\",\"title_breakpoint\":\"xl\",\"title_position\":\"top-left\",\"title_rotation\":\"left\",\"vertical_align\":\"middle\",\"width\":\"large\"},\"children\":[{\"type\":\"row\",\"children\":[{\"type\":\"column\",\"props\":{\"image_position\":\"center-center\",\"position_sticky_breakpoint\":\"m\",\"vertical_align\":\"middle\",\"width_large\":\"1-2\",\"width_medium\":\"1-1\"},\"children\":[{\"type\":\"headline\",\"props\":{\"content\":\"\n\n<p style=\\\"font-weight: 400;\\\">IHR INTERPLANETARER STOPP\\u2026<\\\/p>\",\"maxwidth_breakpoint\":\"l\",\"title_element\":\"h6\",\"title_style\":\"h3\"}},{\"type\":\"text\",\"props\":{\"column_breakpoint\":\"m\",\"content\":\"\n\n<p>Ein Bistro mit entspannter, freundlicher Atmosph\\u00e4re in Gyenesdi\\u00e1s, wo Gastronomie ein Erlebnis ist!<\\\/p>\\n\n\n<p>Wir haben davon getr\\u00e4umt und daf\\u00fcr gesorgt, dass Sie einen Ort haben, an dem Sie den Alltag loslassen k\\u00f6nnen, mit einem speziellen Bistro-Men\\u00fc, das alle Bed\\u00fcrfnisse befriedigt, das mit coolen und neuen Gerichten gespickt ist, aber Sie k\\u00f6nnen auch echte neapolitanische Pizza und die unvergesslichen Gerichte des Hauses finden Brutaler G\\u00e4nseleber-Hamburger.<\\\/p>\\n\n\n<p>Wir erwarten Sie mit lokalen Craft-Bieren, echtem hausgemachtem Sirup, besonderen Cocktails, Champagnerverkostungen und einer riesigen Auswahl an Getr\\u00e4nken f\\u00fcr die Abende mit Freunden und M\\u00e4dels!<\\\/p>\\n\n\n<p>Ob Geburtstage, Firmenevents, Junggesellen- und Junggesellenabschiede oder was auch immer Ihnen einf\\u00e4llt, wir sind der kreativen Herausforderung gewachsen, bis zu 100 Personen.<\\\/p>\\n\n\n<p>Kontaktieren Sie uns gerne mit Ihren Fragen, Ideen und Veranstaltungen.<\\\/p>\\n\n\n<p>E-mail: <span>\\u00a0<\\\/span><a href=\\\"mailto:info@naboo.hu\\\">info@naboo.hu<\\\/a><\\\/p>\\n\n\n<p>Reservierung: 0630 111 11 30<\\\/p>\",\"margin\":\"default\",\"text_align\":\"justify\"}},{\"type\":\"fragment\",\"props\":{\"margin\":\"default\",\"visibility\":\"l\"},\"children\":[{\"type\":\"row\",\"props\":{\"column_gap\":\"small\",\"height_viewport\":140,\"layout\":\"1-3,1-3,1-3\",\"margin_remove_bottom\":false,\"margin_remove_top\":false,\"parallax\":true},\"children\":[{\"type\":\"column\",\"props\":{\"image_position\":\"center-center\",\"position_sticky_breakpoint\":\"m\",\"width_default\":\"1-3\"},\"children\":[{\"type\":\"overlay\",\"props\":{\"image\":\"wp-content\\\/uploads\\\/2024\\\/04\\\/Naboo_4756.jpg\",\"image_transition\":\"scale-up\",\"link\":\"\\\/de\\\/speisekarte\\\/\",\"link_style\":\"default\",\"link_text\":\"\",\"margin\":\"default\",\"meta_align\":\"below-title\",\"meta_element\":\"div\",\"meta_style\":\"text-meta\",\"overlay_hover\":true,\"overlay_link\":true,\"overlay_mode\":\"cover\",\"overlay_padding\":\"small\",\"overlay_position\":\"center\",\"overlay_style\":\"overlay-default\",\"overlay_transition\":\"fade\",\"text_align\":\"center\",\"text_color\":\"light\",\"title\":\"Speisekarte\",\"title_element\":\"h4\",\"title_hover_style\":\"reset\"}}]},{\"type\":\"column\",\"props\":{\"image_position\":\"center-center\",\"position_sticky_breakpoint\":\"m\",\"width_default\":\"1-3\"},\"children\":[{\"type\":\"overlay\",\"props\":{\"image\":\"wp-content\\\/uploads\\\/2024\\\/04\\\/naboo_fb_10v2.jpg\",\"image_transition\":\"scale-up\",\"link\":\"\\\/de\\\/getranke\\\/\",\"link_style\":\"default\",\"link_text\":\"\",\"margin\":\"default\",\"meta_align\":\"below-title\",\"meta_element\":\"div\",\"meta_style\":\"text-meta\",\"overlay_hover\":true,\"overlay_link\":true,\"overlay_mode\":\"cover\",\"overlay_padding\":\"small\",\"overlay_position\":\"center\",\"overlay_style\":\"overlay-default\",\"overlay_transition\":\"fade\",\"text_align\":\"center\",\"text_color\":\"light\",\"title\":\"Getr\\u00e4nke\",\"title_element\":\"h4\",\"title_hover_style\":\"reset\"}}]},{\"type\":\"column\",\"props\":{\"image_position\":\"center-center\",\"position_sticky_breakpoint\":\"m\",\"width_default\":\"1-3\"},\"children\":[{\"type\":\"overlay\",\"props\":{\"image\":\"wp-content\\\/uploads\\\/2024\\\/04\\\/naboo_contact-scaled.jpg\",\"image_transition\":\"scale-up\",\"link\":\"de\\\/kontakt\\\/\",\"link_style\":\"default\",\"link_text\":\"\",\"margin\":\"default\",\"meta_align\":\"below-title\",\"meta_element\":\"div\",\"meta_style\":\"text-meta\",\"overlay_hover\":true,\"overlay_link\":true,\"overlay_mode\":\"cover\",\"overlay_padding\":\"none\",\"overlay_position\":\"center\",\"overlay_style\":\"overlay-default\",\"overlay_transition\":\"fade\",\"text_align\":\"center\",\"text_color\":\"light\",\"title\":\"Kontakt\",\"title_element\":\"h4\",\"title_hover_style\":\"reset\"}}]}]}]},{\"type\":\"fragment\",\"props\":{\"css\":\".el-element .uk-overlay-default {\\n    background: rgba(47, 47, 49, 0.3);\\n}\",\"margin\":\"default\",\"visibility\":\"hidden-l\"},\"children\":[{\"type\":\"row\",\"props\":{\"column_gap\":\"small\",\"height_viewport\":140,\"layout\":\"1-3,1-3,1-3\",\"margin_remove_bottom\":false,\"margin_remove_top\":false,\"parallax\":true},\"children\":[{\"type\":\"column\",\"props\":{\"image_position\":\"center-center\",\"position_sticky_breakpoint\":\"m\",\"width_default\":\"1-3\"},\"children\":[{\"type\":\"overlay\",\"props\":{\"image\":\"wp-content\\\/uploads\\\/2024\\\/04\\\/Naboo_4756.jpg\",\"image_transition\":\"scale-up\",\"link\":\"de\\\/speisekarte\",\"link_style\":\"default\",\"link_text\":\"\",\"margin\":\"default\",\"meta_align\":\"below-title\",\"meta_element\":\"div\",\"meta_style\":\"text-meta\",\"overlay_hover\":false,\"overlay_link\":true,\"overlay_mode\":\"cover\",\"overlay_padding\":\"small\",\"overlay_position\":\"center\",\"overlay_style\":\"overlay-default\",\"overlay_transition\":\"fade\",\"text_align\":\"center\",\"text_color\":\"light\",\"title\":\"Speisekarte\",\"title_element\":\"h4\",\"title_hover_style\":\"reset\"}}]},{\"type\":\"column\",\"props\":{\"image_position\":\"center-center\",\"position_sticky_breakpoint\":\"m\",\"width_default\":\"1-3\"},\"children\":[{\"type\":\"overlay\",\"props\":{\"image\":\"wp-content\\\/uploads\\\/2024\\\/04\\\/naboo_fb_10v2.jpg\",\"image_transition\":\"scale-up\",\"link\":\"de\\\/getranke\\\/\",\"link_style\":\"default\",\"link_text\":\"\",\"margin\":\"default\",\"meta_align\":\"below-title\",\"meta_element\":\"div\",\"meta_style\":\"text-meta\",\"overlay_hover\":false,\"overlay_link\":true,\"overlay_mode\":\"cover\",\"overlay_padding\":\"small\",\"overlay_position\":\"center\",\"overlay_style\":\"overlay-default\",\"overlay_transition\":\"fade\",\"text_align\":\"center\",\"text_color\":\"light\",\"title\":\"Getr\\u00e4nke\",\"title_element\":\"h4\",\"title_hover_style\":\"reset\"}}]},{\"type\":\"column\",\"props\":{\"image_position\":\"center-center\",\"position_sticky_breakpoint\":\"m\",\"width_default\":\"1-3\"},\"children\":[{\"type\":\"overlay\",\"props\":{\"image\":\"wp-content\\\/uploads\\\/2024\\\/04\\\/naboo_contact-scaled.jpg\",\"image_transition\":\"scale-up\",\"link\":\"de\\\/kontakt\\\/\",\"link_style\":\"default\",\"link_text\":\"\",\"margin\":\"default\",\"meta_align\":\"below-title\",\"meta_element\":\"div\",\"meta_style\":\"text-meta\",\"overlay_hover\":false,\"overlay_link\":true,\"overlay_mode\":\"cover\",\"overlay_padding\":\"none\",\"overlay_position\":\"center\",\"overlay_style\":\"overlay-default\",\"overlay_transition\":\"fade\",\"text_align\":\"center\",\"text_color\":\"light\",\"title\":\"Kontakt\",\"title_element\":\"h4\",\"title_hover_style\":\"reset\"}}]}]}]}]},{\"type\":\"column\",\"props\":{\"image_position\":\"center-center\",\"position_sticky_breakpoint\":\"m\",\"width_large\":\"1-2\",\"width_medium\":\"1-1\"},\"children\":[{\"type\":\"panel-slider\",\"props\":{\"content_column_breakpoint\":\"m\",\"icon_width\":80,\"id\":\"my-slider\",\"image_align\":\"top\",\"image_grid_breakpoint\":\"m\",\"image_grid_width\":\"1-2\",\"image_height\":\"800\",\"image_link\":false,\"image_loading\":false,\"image_svg_color\":\"emphasis\",\"image_transition\":\"scale-up\",\"link_style\":\"default\",\"link_text\":\"\",\"margin\":\"default\",\"meta_align\":\"below-title\",\"meta_element\":\"div\",\"meta_style\":\"text-meta\",\"nav\":\"\",\"nav_align\":\"center\",\"nav_breakpoint\":\"s\",\"nav_color\":\"dark\",\"panel_image_no_padding\":false,\"panel_link\":true,\"panel_match\":true,\"show_content\":true,\"show_image\":true,\"show_link\":true,\"show_meta\":true,\"show_title\":true,\"slidenav\":\"default\",\"slidenav_breakpoint\":\"s\",\"slidenav_hover\":false,\"slidenav_margin\":\"medium\",\"slidenav_outside_breakpoint\":\"xl\",\"slider_autoplay\":true,\"slider_autoplay_pause\":true,\"slider_center\":true,\"slider_divider\":false,\"slider_gap\":\"small\",\"slider_width\":\"fixed\",\"slider_width_default\":\"1-1\",\"slider_width_medium\":\"\",\"text_align\":\"center\",\"title_align\":\"top\",\"title_element\":\"h3\",\"title_grid_breakpoint\":\"m\",\"title_grid_width\":\"1-2\",\"title_hover_style\":\"reset\"},\"children\":[{\"type\":\"panel-slider_item\",\"props\":{\"image\":\"wp-content\\\/uploads\\\/2024\\\/04\\\/Naboo_4612.jpg\",\"link\":\"wp-content\\\/uploads\\\/2024\\\/04\\\/Naboo_4612.jpg\"}},{\"type\":\"panel-slider_item\",\"props\":{\"image\":\"wp-content\\\/uploads\\\/2024\\\/04\\\/Naboo_3560.jpg\",\"link\":\"wp-content\\\/uploads\\\/2024\\\/04\\\/Naboo_3560.jpg\"}},{\"type\":\"panel-slider_item\",\"props\":{\"image\":\"wp-content\\\/uploads\\\/2024\\\/04\\\/Naboo_4574.jpg\",\"link\":\"wp-content\\\/uploads\\\/2024\\\/04\\\/Naboo_4574.jpg\"}},{\"type\":\"panel-slider_item\",\"props\":{\"image\":\"wp-content\\\/uploads\\\/2024\\\/04\\\/Naboo_4766.jpg\",\"link\":\"wp-content\\\/uploads\\\/2024\\\/04\\\/Naboo_4766.jpg\"}},{\"type\":\"panel-slider_item\",\"props\":{\"image\":\"wp-content\\\/uploads\\\/2024\\\/04\\\/Naboo_4586.jpg\",\"link\":\"wp-content\\\/uploads\\\/2024\\\/04\\\/Naboo_4586.jpg\"}}]}]}],\"props\":{\"layout\":\"1-3,2-3\",\"width\":\"large\"}}],\"name\":\"Home_complete_section\"}],\"version\":\"4.3.13\"} --><\/p>\n","protected":false},"excerpt":{"rendered":"<p>Naboo Fine Bistro &#8211; Bar IHR INTERPLANETARER STOPP\u2026 Ein Bistro mit entspannter, freundlicher Atmosph\u00e4re in Gyenesdi\u00e1s, wo Gastronomie ein Erlebnis ist! Wir haben davon getr\u00e4umt und daf\u00fcr gesorgt, dass Sie einen Ort haben, an dem Sie den Alltag loslassen k\u00f6nnen, mit einem speziellen Bistro-Men\u00fc, das alle Bed\u00fcrfnisse befriedigt, das mit coolen und neuen Gerichten gespickt [&hellip;]<\/p>\n","protected":false},"author":1,"featured_media":0,"parent":0,"menu_order":0,"comment_status":"closed","ping_status":"closed","template":"","meta":{"footnotes":""},"class_list":["post-775","page","type-page","status-publish","hentry"],"_links":{"self":[{"href":"https:\/\/naboo.hu\/de\/wp-json\/wp\/v2\/pages\/775","targetHints":{"allow":["GET"]}}],"collection":[{"href":"https:\/\/naboo.hu\/de\/wp-json\/wp\/v2\/pages"}],"about":[{"href":"https:\/\/naboo.hu\/de\/wp-json\/wp\/v2\/types\/page"}],"author":[{"embeddable":true,"href":"https:\/\/naboo.hu\/de\/wp-json\/wp\/v2\/users\/1"}],"replies":[{"embeddable":true,"href":"https:\/\/naboo.hu\/de\/wp-json\/wp\/v2\/comments?post=775"}],"version-history":[{"count":23,"href":"https:\/\/naboo.hu\/de\/wp-json\/wp\/v2\/pages\/775\/revisions"}],"predecessor-version":[{"id":1125,"href":"https:\/\/naboo.hu\/de\/wp-json\/wp\/v2\/pages\/775\/revisions\/1125"}],"wp:attachment":[{"href":"https:\/\/naboo.hu\/de\/wp-json\/wp\/v2\/media?parent=775"}],"curies":[{"name":"wp","href":"https:\/\/api.w.org\/{rel}","templated":true}]}}